{"id":990085,"date":"2025-11-24T07:30:34","date_gmt":"2025-11-24T07:30:34","guid":{"rendered":"https:\/\/heritage.artover.fr\/choisissez-votre-portefeuille\/"},"modified":"2026-02-12T13:00:50","modified_gmt":"2026-02-12T13:00:50","slug":"choose-your-portfolio","status":"publish","type":"page","link":"https:\/\/heritagewealth.mu\/fr\/choose-your-portfolio\/","title":{"rendered":"Choisissez votre portefeuille"},"content":{"rendered":"\t\t<div data-elementor-type=\"wp-page\" data-elementor-id=\"990085\" class=\"elementor elementor-990085 elementor-988607\" data-elementor-post-type=\"page\">\n\t\t\t\t<div class=\"elementor-element elementor-element-a464f92 e-flex e-con-boxed e-con e-parent\" data-id=\"a464f92\" data-element_type=\"container\" data-e-type=\"container\">\n\t\t\t\t\t<div class=\"e-con-inner\">\n\t\t\t\t<div class=\"elementor-element elementor-element-6b32c43 elementor-invisible elementor-widget__width-initial animated-fast elementor-widget-mobile__width-inherit elementor-widget elementor-widget-heading\" data-id=\"6b32c43\" data-element_type=\"widget\" data-e-type=\"widget\" data-settings=\"{&quot;_animation&quot;:&quot;fadeIn&quot;}\" data-widget_type=\"heading.default\">\n\t\t\t\t<div class=\"elementor-widget-container\">\n\t\t\t\t\t<h2 class=\"elementor-heading-title elementor-size-default\">Contactez-nous<\/h2>\t\t\t\t<\/div>\n\t\t\t\t<\/div>\n\t\t\t\t<div class=\"elementor-element elementor-element-839cee8 elementor-invisible animated-fast elementor-widget__width-initial elementor-widget elementor-widget-heading\" data-id=\"839cee8\" data-element_type=\"widget\" data-e-type=\"widget\" data-settings=\"{&quot;_animation&quot;:&quot;fadeIn&quot;,&quot;_animation_delay&quot;:50}\" data-widget_type=\"heading.default\">\n\t\t\t\t<div class=\"elementor-widget-container\">\n\t\t\t\t\t<div class=\"elementor-heading-title elementor-size-default\">Veuillez saisir vos coordonn\u00e9es ci-dessous, et nous vous recontacterons dans les plus brefs d\u00e9lais.<\/div>\t\t\t\t<\/div>\n\t\t\t\t<\/div>\n\t\t\t\t\t<\/div>\n\t\t\t\t<\/div>\n\t\t<div class=\"elementor-element elementor-element-a58479e e-flex e-con-boxed e-con e-parent\" data-id=\"a58479e\" data-element_type=\"container\" data-e-type=\"container\">\n\t\t\t\t\t<div class=\"e-con-inner\">\n\t\t<div class=\"elementor-element elementor-element-4241700 e-con-full e-flex e-con e-child\" data-id=\"4241700\" data-element_type=\"container\" data-e-type=\"container\" data-settings=\"{&quot;background_background&quot;:&quot;classic&quot;}\">\n\t\t\t\t<div class=\"elementor-element elementor-element-4f5616d elementor-widget elementor-widget-shortcode\" data-id=\"4f5616d\" data-element_type=\"widget\" data-e-type=\"widget\" data-widget_type=\"shortcode.default\">\n\t\t\t\t<div class=\"elementor-widget-container\">\n\t\t\t\t\t\t\t<div class=\"elementor-shortcode\"><div id=\"quform-741761\" class=\"quform quform-1 quform-support-page-caching\"><form id=\"quform-form-741761\" class=\"quform-form quform-form-1\" action=\"\/fr\/wp-json\/wp\/v2\/pages\/990085#quform-741761\" method=\"post\" enctype=\"multipart\/form-data\" novalidate=\"novalidate\" data-options=\"{&quot;id&quot;:1,&quot;uniqueId&quot;:&quot;741761&quot;,&quot;theme&quot;:&quot;&quot;,&quot;ajax&quot;:true,&quot;logic&quot;:{&quot;logic&quot;:[],&quot;dependents&quot;:[],&quot;elementIds&quot;:[],&quot;dependentElementIds&quot;:[],&quot;animate&quot;:true},&quot;currentPageId&quot;:1,&quot;errorsIcon&quot;:&quot;&quot;,&quot;updateFancybox&quot;:true,&quot;hasPages&quot;:false,&quot;pages&quot;:[1],&quot;pageProgressType&quot;:&quot;numbers&quot;,&quot;tooltipsEnabled&quot;:true,&quot;tooltipClasses&quot;:&quot;qtip-quform-dark qtip-shadow&quot;,&quot;tooltipMy&quot;:&quot;left center&quot;,&quot;tooltipAt&quot;:&quot;right center&quot;,&quot;isRtl&quot;:false,&quot;scrollOffset&quot;:-50,&quot;scrollSpeed&quot;:800}\"><button class=\"quform-default-submit\" name=\"quform_submit\" type=\"submit\" value=\"submit\" aria-hidden=\"true\" tabindex=\"-1\"><\/button><div class=\"quform-form-inner quform-form-inner-1\"><input type=\"hidden\" name=\"quform_form_id\" value=\"1\" \/><input type=\"hidden\" name=\"quform_form_uid\" value=\"741761\" \/><input type=\"hidden\" name=\"quform_count\" value=\"1\" \/><input type=\"hidden\" name=\"form_url\" value=\"https:\/\/heritagewealth.mu\/fr\/wp-json\/wp\/v2\/pages\/990085\" \/><input type=\"hidden\" name=\"referring_url\" value=\"\" \/><input type=\"hidden\" name=\"post_id\" value=\"\" \/><input type=\"hidden\" name=\"post_title\" value=\"\" \/><input type=\"hidden\" name=\"quform_current_page_id\" value=\"1\" \/><input type=\"hidden\" name=\"quform_loaded\" value=\"1775247498|bcbf8e86611480019f2d1097b632fd26\" \/><input type=\"hidden\" name=\"quform_csrf_token\" value=\"kn4V2acj2fVtRzOEojGGRRuKnt5Z1l0gEEOQsNGS\" \/><div class=\"quform-elements quform-elements-1 quform-cf quform-responsive-elements-phone-landscape\"><div class=\"quform-element quform-element-page quform-page-1 quform-page-1_1 quform-cf quform-group-style-plain quform-first-page quform-last-page quform-current-page\"><div class=\"quform-child-elements\"><div class=\"quform-element quform-element-row quform-element-row-1_3 quform-2-columns quform-element-row-size-fixed quform-responsive-columns-phone-landscape\"><div class=\"quform-element quform-element-column quform-element-1_4\"><div class=\"quform-element quform-element-text quform-element-1_6 quform-cf quform-element-required\"><div class=\"quform-spacer\"><div class=\"quform-label quform-label-1_6\"><label class=\"quform-label-text\" for=\"quform_1_6_741761\">Pr\u00e9nom<span class=\"quform-required\">*<\/span><\/label><\/div><div class=\"quform-inner quform-inner-text quform-inner-1_6\"><div class=\"quform-input quform-input-text quform-input-1_6 quform-cf\"><input type=\"text\" id=\"quform_1_6_741761\" name=\"quform_1_6\" class=\"quform-field quform-field-text quform-field-1_6\" \/><\/div><\/div><\/div><\/div><\/div><div class=\"quform-element quform-element-column quform-element-1_5\"><div class=\"quform-element quform-element-text quform-element-1_7 quform-cf quform-element-required\"><div class=\"quform-spacer\"><div class=\"quform-label quform-label-1_7\"><label class=\"quform-label-text\" for=\"quform_1_7_741761\">Nom<span class=\"quform-required\">*<\/span><\/label><\/div><div class=\"quform-inner quform-inner-text quform-inner-1_7\"><div class=\"quform-input quform-input-text quform-input-1_7 quform-cf\"><input type=\"text\" id=\"quform_1_7_741761\" name=\"quform_1_7\" class=\"quform-field quform-field-text quform-field-1_7\" \/><\/div><\/div><\/div><\/div><\/div><\/div><div class=\"quform-element quform-element-row quform-element-row-1_8 quform-2-columns quform-element-row-size-fixed quform-responsive-columns-phone-landscape\"><div class=\"quform-element quform-element-column quform-element-1_9\"><div class=\"quform-element quform-element-email quform-element-1_11 quform-cf quform-element-required\"><div class=\"quform-spacer\"><div class=\"quform-label quform-label-1_11\"><label class=\"quform-label-text\" for=\"quform_1_11_741761\">Adresse e-mail<span class=\"quform-required\">*<\/span><\/label><\/div><div class=\"quform-inner quform-inner-email quform-inner-1_11\"><div class=\"quform-input quform-input-email quform-input-1_11 quform-cf\"><input type=\"email\" id=\"quform_1_11_741761\" name=\"quform_1_11\" class=\"quform-field quform-field-email quform-field-1_11\" \/><\/div><\/div><\/div><\/div><\/div><div class=\"quform-element quform-element-column quform-element-1_10\"><div class=\"quform-element quform-element-text quform-element-1_12 quform-cf quform-element-required\"><div class=\"quform-spacer\"><div class=\"quform-label quform-label-1_12\"><label class=\"quform-label-text\" for=\"quform_1_12_741761\">Portefeuille s\u00e9lectionn\u00e9<span class=\"quform-required\">*<\/span><\/label><\/div><div class=\"quform-inner quform-inner-text quform-inner-1_12\"><div class=\"quform-input quform-input-text quform-input-1_12 quform-cf\"><input type=\"text\" id=\"quform_1_12_741761\" name=\"quform_1_12\" class=\"quform-field quform-field-text quform-field-1_12\" \/><\/div><\/div><\/div><\/div><\/div><\/div><input type=\"hidden\" name=\"quform_1_14\" class=\"quform-field quform-field-hidden quform-field-1_14\" data-default=\"\" \/><div class=\"quform-element quform-element-textarea quform-element-1_641379 quform-sr-only quform-cf\" style=\"clip: rect(1px, 1px, 1px, 1px); clip-path: inset(50%); position: absolute !important; height: 1px; width: 1px; overflow: hidden;\"><div class=\"quform-spacer\"><div class=\"quform-label quform-label-1_641379\"><label class=\"quform-label-text\" for=\"quform_1_641379_741761\">Your Website<span class=\"quform-required\">*<\/span><\/label><\/div><div class=\"quform-inner quform-inner-1_641379\"><textarea id=\"quform_1_641379_741761\" name=\"quform_1_641379\" class=\"quform-field quform-field-textarea quform-field-1_641379\" tabindex=\"-1\" autocomplete=\"new-password\"><\/textarea><\/div><\/div><\/div><div class=\"quform-element quform-element-row quform-element-row-1_15 quform-2-columns quform-element-row-size-fixed quform-responsive-columns-phone-landscape\"><div class=\"quform-element quform-element-column quform-element-1_16\"><div class=\"quform-element quform-element-captcha quform-element-1_18 quform-cf quform-element-required\"><div class=\"quform-spacer\"><div class=\"quform-label quform-label-1_18\"><label class=\"quform-label-text\" for=\"quform_1_18_741761\">Veuillez saisir les caract\u00e8res<span class=\"quform-required\">*<\/span><\/label><\/div><div class=\"quform-inner quform-inner-captcha quform-inner-1_18\"><div class=\"quform-input quform-input-captcha quform-input-1_18 quform-cf\"><input type=\"text\" id=\"quform_1_18_741761\" name=\"quform_1_18\" class=\"quform-field quform-field-captcha quform-field-1_18\" \/><\/div><div class=\"quform-captcha quform-cf\"><div class=\"quform-captcha-image quform-captcha-image-1_18\"><img decoding=\"async\" class=\"quform-captcha-image-img\" src=\"data:image\/png;base64,iVBORw0KGgoAAAANSUhEUgAAAOYAAABQBAMAAAD\/1xTgAAAAG1BMVEX\/\/\/8iIiJ0dHSQkJDj4+M9PT2srKxZWVnHx8fgsgzLAAAAAnRSTlMAAHaTzTgAAAAJcEhZcwAADsQAAA7EAZUrDhsAAAOKSURBVGiB7VdJc9MwFFYSJfGxanDCsYYuV1yW9ujQBY6olOk1Dp2WY02HlqMDXfjZ6GmXk9oqkykXfSdbkd\/33qe3KAgFBAQEBAQEBAQEPAy8vyxL91e+OwtCvqwthZOSzG9jjzA8q9uBp\/TkjYclTEj5CM7ndaYS2LHWbCkixI8SFKnnvAVKMmo21CGxLyfOqK0t3qHxZYZ6E\/EanRKBV012vp4vduzj2aJVSlb0c1QAwQAVA\/46BRU+36SEfGqghDOKv2XV5cONxZ8SizMVUV1ynXrcgVWQrT7NEN8C+DnHOHdy0dkNcGpP2kSDuZzzhwuE3jdzRuIrc6TR9usNseZ+eg9hZBZn7nDyjCUTnmcrqAF7hcuZaEsX9rYPfGloVjFk6A0+13EeUXiIvIolJYMtOqzEPaJu1UZUeaIMtkVY\/FQzSFrwtgT1PWolcQLCnHEXQ0JaOGCrJz9szpbc0ReciIvNOPO4sVSgia7Zr5TEu9ySk7YshnVR88riTO6INOeY\/4izZkpUqWERdupKi3kZ8CavNqdCWp40gqZfSYGHUW23OeSr4lBoS3MtRcTpM+mkfOh4ZKxARNyxMoZjqkrblY71jYOFyvVUGcD1zdhCB1o8LvV7F\/KOp8PeuuWIILA4qeLMtdPUFedhtOHbmdEX3rm0mJqkn8kC6BpRFnAmvtOiD86lJo8ipi0L5xgEUPaZ3dUqZzHPOfOdxF04v0SnBkJ3JZiZQPfXi4qzZWZtoR4NZ9djjHGMyRCEsh3EvJdgq4kt4ExUUDqHILubxpjAjHFi96rQF\/2dmnJT59kyJ5aroHTRgDJNI8WYa7s9MheqJqbcWtLu2HCOVVDEnDEbAofXHvKyb68Sp7li2aZT43VfBjUzzrVl2+gQO68aLkwSnblZKaVlSulpo1RLDGcke29ucfI5OETNSOSw1eAndbhD7P7HqrHkd4CR\/R2bn7+I5owSZ9jVoUdJVdr4Nx9bFicrvdG7KbE5u849Acn70cjnSg23kZeZ9WruObFxuacXrzeVb7TCCe9XtiV\/KP\/jTfv7WxNVKZcOKpwJOZr8EyOvizlGhreaQRsWYupR29n9R0ah7Rwjw9321oupiQrxf0Tx99K7y9YhWcSoaPb\/nFaWlsL5SPwPztyt7idAKvLq+AkpVd0OmrcuDaqBeF6ElgL5t86rsS8NBfFu7AEBAQEBAQEBi\/EXiy+VmcUtfWYAAAAASUVORK5CYII=\" alt=\"Image CAPTCHA\" data-element-id=\"18\" width=\"115\" height=\"40\" \/><\/div><\/div><p class=\"quform-description quform-description-below\">Cela nous aide \u00e0 pr\u00e9venir le spam, merci.Cela nous aide \u00e0 pr\u00e9venir le spam, merci.<\/p><\/div><\/div><\/div><\/div><div class=\"quform-element quform-element-column quform-element-1_17\"><\/div><\/div><div class=\"quform-element quform-element-submit quform-element-1_2 quform-cf quform-button-style-theme\"><div class=\"quform-button-submit quform-button-submit-default quform-button-submit-1_2\"><button name=\"quform_submit\" type=\"submit\" class=\"quform-submit\" value=\"submit\"><span class=\"quform-button-text quform-button-submit-text\">Soumettre<\/span><\/button><\/div><div class=\"quform-loading quform-loading-position-left quform-loading-type-spinner-1\"><div class=\"quform-loading-inner\"><div class=\"quform-loading-spinner\"><div class=\"quform-loading-spinner-inner\"><\/div><\/div><\/div><\/div><\/div><\/div><\/div><\/div><\/div><\/form><\/div><\/div>\n\t\t\t\t\t\t<\/div>\n\t\t\t\t<\/div>\n\t\t\t\t<\/div>\n\t\t\t\t\t<\/div>\n\t\t\t\t<\/div>\n\t\t\t\t<\/div>\n\t\t","protected":false},"excerpt":{"rendered":"<p>Nous sommes impatients d&rsquo;en apprendre davantage sur vos objectifs financiers.<\/p>\n","protected":false},"author":1,"featured_media":0,"parent":0,"menu_order":0,"comment_status":"closed","ping_status":"closed","template":"elementor_header_footer","meta":{"footnotes":""},"class_list":["post-990085","page","type-page","status-publish","hentry"],"_links":{"self":[{"href":"https:\/\/heritagewealth.mu\/fr\/wp-json\/wp\/v2\/pages\/990085","targetHints":{"allow":["GET"]}}],"collection":[{"href":"https:\/\/heritagewealth.mu\/fr\/wp-json\/wp\/v2\/pages"}],"about":[{"href":"https:\/\/heritagewealth.mu\/fr\/wp-json\/wp\/v2\/types\/page"}],"author":[{"embeddable":true,"href":"https:\/\/heritagewealth.mu\/fr\/wp-json\/wp\/v2\/users\/1"}],"replies":[{"embeddable":true,"href":"https:\/\/heritagewealth.mu\/fr\/wp-json\/wp\/v2\/comments?post=990085"}],"version-history":[{"count":7,"href":"https:\/\/heritagewealth.mu\/fr\/wp-json\/wp\/v2\/pages\/990085\/revisions"}],"predecessor-version":[{"id":991046,"href":"https:\/\/heritagewealth.mu\/fr\/wp-json\/wp\/v2\/pages\/990085\/revisions\/991046"}],"wp:attachment":[{"href":"https:\/\/heritagewealth.mu\/fr\/wp-json\/wp\/v2\/media?parent=990085"}],"curies":[{"name":"wp","href":"https:\/\/api.w.org\/{rel}","templated":true}]}}